{"id":114,"date":"2024-02-22T22:41:07","date_gmt":"2024-02-22T21:41:07","guid":{"rendered":"https:\/\/mesyeuxmavue.fr\/?page_id=114"},"modified":"2024-04-15T16:14:55","modified_gmt":"2024-04-15T14:14:55","slug":"coaching-ophtalmo-et-conferences","status":"publish","type":"page","link":"https:\/\/mesyeuxmavue.fr\/index.php\/coaching-ophtalmo-et-conferences\/","title":{"rendered":"CONTACT"},"content":{"rendered":"<p>[et_pb_section fb_built=&#8221;1&#8243; fullwidth=&#8221;on&#8221; admin_label=&#8221;Hero&#8221; _builder_version=&#8221;4.16&#8243; background_color=&#8221;#eee6db&#8221; parallax=&#8221;on&#8221; custom_padding=&#8221;0px|0px|0px|0px&#8221; global_colors_info=&#8221;{%22gcid-e0102597-b58e-4f41-913c-7f77e09f7bd8%22:%91%22background_color%22%93}&#8221;][et_pb_fullwidth_header title=&#8221;contact&#8221; background_overlay_color=&#8221;rgba(238,230,217,0.54)&#8221; content_max_width=&#8221;700px&#8221; disabled_on=&#8221;off|off|off&#8221; admin_label=&#8221;Hero Section&#8221; _builder_version=&#8221;4.24.2&#8243; title_font=&#8221;|700||on|||||&#8221; title_text_color=&#8221;#4C908C&#8221; title_font_size=&#8221;80px&#8221; title_line_height=&#8221;1.3em&#8221; content_font=&#8221;||||||||&#8221; content_text_color=&#8221;#D39074&#8243; content_font_size=&#8221;20px&#8221; background_color=&#8221;rgba(255, 255, 255, 0)&#8221; background_image=&#8221;https:\/\/mesyeuxmavue.fr\/wp-content\/uploads\/2024\/02\/pexels-ksenia-chernaya-5752309-scaled.jpg&#8221; custom_button_one=&#8221;on&#8221; button_one_text_color=&#8221;#4C908C&#8221; button_one_border_radius=&#8221;0px&#8221; button_one_letter_spacing=&#8221;4px&#8221; button_one_font=&#8221;Oswald|on||on|&#8221; button_one_icon=&#8221;&#x24;||divi||400&#8243; button_one_icon_color=&#8221;#ffffff&#8221; custom_margin=&#8221;|||&#8221; custom_padding=&#8221;150px||150px|&#8221; custom_padding_tablet=&#8221;60px||60px|&#8221; custom_padding_phone=&#8221;&#8221; custom_padding_last_edited=&#8221;on|tablet&#8221; animation_style=&#8221;zoom&#8221; animation_direction=&#8221;bottom&#8221; animation_intensity_zoom=&#8221;4%&#8221; title_font_size_tablet=&#8221;70px&#8221; title_font_size_phone=&#8221;60px&#8221; title_font_size_last_edited=&#8221;on|desktop&#8221; content_text_shadow_style=&#8221;preset5&#8243; button_one_text_color_hover=&#8221;#ffffff&#8221; button_one_border_color_hover=&#8221;#ffffff&#8221; button_one_border_radius_hover=&#8221;0px&#8221; button_one_letter_spacing_hover=&#8221;4px&#8221; button_one_bg_color_hover=&#8221;rgba(0,0,0,0)&#8221; global_colors_info=&#8221;{}&#8221; button_one_text_size__hover_enabled=&#8221;off&#8221; button_two_text_size__hover_enabled=&#8221;off&#8221; button_one_text_color__hover_enabled=&#8221;on|desktop&#8221; button_one_text_color__hover=&#8221;#4C908C&#8221; button_two_text_color__hover_enabled=&#8221;off&#8221; button_one_border_width__hover_enabled=&#8221;off&#8221; button_two_border_width__hover_enabled=&#8221;off&#8221; button_one_border_color__hover_enabled=&#8221;on&#8221; button_one_border_color__hover=&#8221;#ffffff&#8221; button_two_border_color__hover_enabled=&#8221;off&#8221; button_one_border_radius__hover_enabled=&#8221;on&#8221; button_one_border_radius__hover=&#8221;0px&#8221; button_two_border_radius__hover_enabled=&#8221;off&#8221; button_one_letter_spacing__hover_enabled=&#8221;on&#8221; button_one_letter_spacing__hover=&#8221;4px&#8221; button_two_letter_spacing__hover_enabled=&#8221;off&#8221; button_one_bg_color__hover_enabled=&#8221;on&#8221; button_one_bg_color__hover=&#8221;rgba(0,0,0,0)&#8221; button_two_bg_color__hover_enabled=&#8221;off&#8221;][\/et_pb_fullwidth_header][\/et_pb_section][et_pb_section fb_built=&#8221;1&#8243; _builder_version=&#8221;4.16&#8243; _module_preset=&#8221;default&#8221; custom_margin=&#8221;45px|||||&#8221; global_colors_info=&#8221;{}&#8221;][et_pb_row _builder_version=&#8221;4.16&#8243; _module_preset=&#8221;default&#8221; global_colors_info=&#8221;{}&#8221;][et_pb_column type=&#8221;4_4&#8243; _builder_version=&#8221;4.16&#8243; _module_preset=&#8221;default&#8221; global_colors_info=&#8221;{}&#8221;][et_pb_text _builder_version=&#8221;4.24.3&#8243; _module_preset=&#8221;default&#8221; text_text_color=&#8221;#000000&#8243; custom_margin=&#8221;||26px|||&#8221; hover_enabled=&#8221;0&#8243; global_colors_info=&#8221;{}&#8221; sticky_enabled=&#8221;0&#8243;]<\/p>\n<p>Pour toute demande, n&#8217;h\u00e9sitez pas \u00e0 remplir le formulaire de contact en ligne. N&#8217;h\u00e9sitez pas \u00e0 consulter le <a href=\"https:\/\/mesyeuxmavue.fr\/index.php\/blog-questions-ophtalmologie-vision-de-lenfant-temps-decran\/\">Blog<\/a> ou \u00e0 t\u00e9l\u00e9charger le <a href=\"https:\/\/wyng-accompagnements.systeme.io\/guide-ecrans\">livret pratique<\/a> (\u00e9cran et yeux d&#8217;enfants)<\/p>\n<p>[\/et_pb_text][\/et_pb_column][\/et_pb_row][et_pb_row _builder_version=&#8221;4.24.0&#8243; _module_preset=&#8221;default&#8221; global_colors_info=&#8221;{}&#8221;][et_pb_column type=&#8221;4_4&#8243; _builder_version=&#8221;4.16&#8243; _module_preset=&#8221;default&#8221; global_colors_info=&#8221;{}&#8221;][et_pb_contact_form email=&#8221;contact@mesyeuxmavue.fr&#8221; _builder_version=&#8221;4.24.2&#8243; _module_preset=&#8221;default&#8221; _unique_id=&#8221;f6fc9456-5449-402f-ab51-2b7cf85f77b6&#8243; custom_button=&#8221;on&#8221; button_text_color=&#8221;gcid-83c07af1-8d50-4d51-a822-a3deafb065d3&#8243; button_bg_color=&#8221;#eee6db&#8221; button_border_width=&#8221;0px&#8221; global_colors_info=&#8221;{%22gcid-83c07af1-8d50-4d51-a822-a3deafb065d3%22:%91%22button_text_color%22%93,%22gcid-e0102597-b58e-4f41-913c-7f77e09f7bd8%22:%91%22button_bg_color%22%93}&#8221;][et_pb_contact_field field_id=&#8221;Name&#8221; field_title=&#8221;Nom&#8221; _builder_version=&#8221;4.16&#8243; form_field_background_color=&#8221;#eee6db&#8221; form_field_text_color=&#8221;gcid-83c07af1-8d50-4d51-a822-a3deafb065d3&#8243; global_colors_info=&#8221;{%22gcid-e0102597-b58e-4f41-913c-7f77e09f7bd8%22:%91%22form_field_background_color%22%93,%22gcid-83c07af1-8d50-4d51-a822-a3deafb065d3%22:%91%22form_field_text_color%22%93}&#8221; button_text_size__hover_enabled=&#8221;off&#8221; button_one_text_size__hover_enabled=&#8221;off&#8221; button_two_text_size__hover_enabled=&#8221;off&#8221; button_text_color__hover_enabled=&#8221;off&#8221; button_one_text_color__hover_enabled=&#8221;off&#8221; button_two_text_color__hover_enabled=&#8221;off&#8221; button_border_width__hover_enabled=&#8221;off&#8221; button_one_border_width__hover_enabled=&#8221;off&#8221; button_two_border_width__hover_enabled=&#8221;off&#8221; button_border_color__hover_enabled=&#8221;off&#8221; button_one_border_color__hover_enabled=&#8221;off&#8221; button_two_border_color__hover_enabled=&#8221;off&#8221; button_border_radius__hover_enabled=&#8221;off&#8221; button_one_border_radius__hover_enabled=&#8221;off&#8221; button_two_border_radius__hover_enabled=&#8221;off&#8221; button_letter_spacing__hover_enabled=&#8221;off&#8221; button_one_letter_spacing__hover_enabled=&#8221;off&#8221; button_two_letter_spacing__hover_enabled=&#8221;off&#8221; button_bg_color__hover_enabled=&#8221;off&#8221; button_one_bg_color__hover_enabled=&#8221;off&#8221; button_two_bg_color__hover_enabled=&#8221;off&#8221;][\/et_pb_contact_field][et_pb_contact_field field_id=&#8221;Email&#8221; field_title=&#8221;Adresse e-mail&#8221; field_type=&#8221;email&#8221; _builder_version=&#8221;4.16&#8243; form_field_background_color=&#8221;#eee6db&#8221; form_field_text_color=&#8221;gcid-83c07af1-8d50-4d51-a822-a3deafb065d3&#8243; global_colors_info=&#8221;{%22gcid-e0102597-b58e-4f41-913c-7f77e09f7bd8%22:%91%22form_field_background_color%22%93,%22gcid-83c07af1-8d50-4d51-a822-a3deafb065d3%22:%91%22form_field_text_color%22%93}&#8221; button_text_size__hover_enabled=&#8221;off&#8221; button_one_text_size__hover_enabled=&#8221;off&#8221; button_two_text_size__hover_enabled=&#8221;off&#8221; button_text_color__hover_enabled=&#8221;off&#8221; button_one_text_color__hover_enabled=&#8221;off&#8221; button_two_text_color__hover_enabled=&#8221;off&#8221; button_border_width__hover_enabled=&#8221;off&#8221; button_one_border_width__hover_enabled=&#8221;off&#8221; button_two_border_width__hover_enabled=&#8221;off&#8221; button_border_color__hover_enabled=&#8221;off&#8221; button_one_border_color__hover_enabled=&#8221;off&#8221; button_two_border_color__hover_enabled=&#8221;off&#8221; button_border_radius__hover_enabled=&#8221;off&#8221; button_one_border_radius__hover_enabled=&#8221;off&#8221; button_two_border_radius__hover_enabled=&#8221;off&#8221; button_letter_spacing__hover_enabled=&#8221;off&#8221; button_one_letter_spacing__hover_enabled=&#8221;off&#8221; button_two_letter_spacing__hover_enabled=&#8221;off&#8221; button_bg_color__hover_enabled=&#8221;off&#8221; button_one_bg_color__hover_enabled=&#8221;off&#8221; button_two_bg_color__hover_enabled=&#8221;off&#8221;][\/et_pb_contact_field][et_pb_contact_field field_id=&#8221;Entreprise&#8221; field_title=&#8221;Entreprise&#8221; fullwidth_field=&#8221;on&#8221; _builder_version=&#8221;4.16&#8243; _module_preset=&#8221;default&#8221; form_field_background_color=&#8221;#eee6db&#8221; form_field_text_color=&#8221;gcid-83c07af1-8d50-4d51-a822-a3deafb065d3&#8243; global_colors_info=&#8221;{%22gcid-e0102597-b58e-4f41-913c-7f77e09f7bd8%22:%91%22form_field_background_color%22%93,%22gcid-83c07af1-8d50-4d51-a822-a3deafb065d3%22:%91%22form_field_text_color%22%93}&#8221;][\/et_pb_contact_field][et_pb_contact_field field_id=&#8221;Sujet&#8221; field_title=&#8221;Sujet&#8221; fullwidth_field=&#8221;on&#8221; _builder_version=&#8221;4.16&#8243; _module_preset=&#8221;default&#8221; form_field_background_color=&#8221;#eee6db&#8221; form_field_text_color=&#8221;gcid-83c07af1-8d50-4d51-a822-a3deafb065d3&#8243; global_colors_info=&#8221;{%22gcid-e0102597-b58e-4f41-913c-7f77e09f7bd8%22:%91%22form_field_background_color%22%93,%22gcid-83c07af1-8d50-4d51-a822-a3deafb065d3%22:%91%22form_field_text_color%22%93}&#8221;][\/et_pb_contact_field][et_pb_contact_field field_id=&#8221;Message&#8221; field_title=&#8221;Message&#8221; field_type=&#8221;text&#8221; fullwidth_field=&#8221;on&#8221; _builder_version=&#8221;4.16&#8243; form_field_background_color=&#8221;#eee6db&#8221; form_field_text_color=&#8221;gcid-83c07af1-8d50-4d51-a822-a3deafb065d3&#8243; global_colors_info=&#8221;{%22gcid-e0102597-b58e-4f41-913c-7f77e09f7bd8%22:%91%22form_field_background_color%22%93,%22gcid-83c07af1-8d50-4d51-a822-a3deafb065d3%22:%91%22form_field_text_color%22%93}&#8221; button_text_size__hover_enabled=&#8221;off&#8221; button_one_text_size__hover_enabled=&#8221;off&#8221; button_two_text_size__hover_enabled=&#8221;off&#8221; button_text_color__hover_enabled=&#8221;off&#8221; button_one_text_color__hover_enabled=&#8221;off&#8221; button_two_text_color__hover_enabled=&#8221;off&#8221; button_border_width__hover_enabled=&#8221;off&#8221; button_one_border_width__hover_enabled=&#8221;off&#8221; button_two_border_width__hover_enabled=&#8221;off&#8221; button_border_color__hover_enabled=&#8221;off&#8221; button_one_border_color__hover_enabled=&#8221;off&#8221; button_two_border_color__hover_enabled=&#8221;off&#8221; button_border_radius__hover_enabled=&#8221;off&#8221; button_one_border_radius__hover_enabled=&#8221;off&#8221; button_two_border_radius__hover_enabled=&#8221;off&#8221; button_letter_spacing__hover_enabled=&#8221;off&#8221; button_one_letter_spacing__hover_enabled=&#8221;off&#8221; button_two_letter_spacing__hover_enabled=&#8221;off&#8221; button_bg_color__hover_enabled=&#8221;off&#8221; button_one_bg_color__hover_enabled=&#8221;off&#8221; button_two_bg_color__hover_enabled=&#8221;off&#8221;][\/et_pb_contact_field][\/et_pb_contact_form][\/et_pb_column][\/et_pb_row][\/et_pb_section]<\/p>\n","protected":false},"excerpt":{"rendered":"<p>Pour toute demande, n&#8217;h\u00e9sitez pas \u00e0 remplir le formulaire de contact en ligne. N&#8217;h\u00e9sitez pas \u00e0 consulter le Blog ou \u00e0 t\u00e9l\u00e9charger le livret pratique (\u00e9cran et yeux d&#8217;enfants)<\/p>\n","protected":false},"author":1,"featured_media":0,"parent":0,"menu_order":0,"comment_status":"closed","ping_status":"closed","template":"","meta":{"_et_pb_use_builder":"on","_et_pb_old_content":"","_et_gb_content_width":"","footnotes":""},"yoast_head":"<!-- This site is optimized with the Yoast SEO plugin v22.4 - https:\/\/yoast.com\/wordpress\/plugins\/seo\/ -->\n<title>CONTACT - COACHING OPHTALMO ET CONF\u00c9RENCES<\/title>\n<meta name=\"description\" content=\"Le Dr Florence Kling propose des coaching ophtalmo et conf\u00e9rences pour vous aider \u00e0 prendre soin de vos yeux.\" \/>\n<meta name=\"robots\" content=\"index, follow, max-snippet:-1, max-image-preview:large, max-video-preview:-1\" \/>\n<link rel=\"canonical\" href=\"https:\/\/mesyeuxmavue.fr\/index.php\/coaching-ophtalmo-et-conferences\/\" \/>\n<meta property=\"og:locale\" content=\"en_US\" \/>\n<meta property=\"og:type\" content=\"article\" \/>\n<meta property=\"og:title\" content=\"CONTACT - COACHING OPHTALMO ET CONF\u00c9RENCES\" \/>\n<meta property=\"og:description\" content=\"Le Dr Florence Kling propose des coaching ophtalmo et conf\u00e9rences pour vous aider \u00e0 prendre soin de vos yeux.\" \/>\n<meta property=\"og:url\" content=\"https:\/\/mesyeuxmavue.fr\/index.php\/coaching-ophtalmo-et-conferences\/\" \/>\n<meta property=\"og:site_name\" content=\"MES YEUX MA VUE\" \/>\n<meta property=\"article:modified_time\" content=\"2024-04-15T14:14:55+00:00\" \/>\n<meta name=\"twitter:card\" content=\"summary_large_image\" \/>\n<meta name=\"twitter:label1\" content=\"Est. reading time\" \/>\n\t<meta name=\"twitter:data1\" content=\"1 minute\" \/>\n<script type=\"application\/ld+json\" class=\"yoast-schema-graph\">{\"@context\":\"https:\/\/schema.org\",\"@graph\":[{\"@type\":\"WebPage\",\"@id\":\"https:\/\/mesyeuxmavue.fr\/index.php\/coaching-ophtalmo-et-conferences\/\",\"url\":\"https:\/\/mesyeuxmavue.fr\/index.php\/coaching-ophtalmo-et-conferences\/\",\"name\":\"CONTACT - COACHING OPHTALMO ET CONF\u00c9RENCES\",\"isPartOf\":{\"@id\":\"https:\/\/mesyeuxmavue.fr\/#website\"},\"datePublished\":\"2024-02-22T21:41:07+00:00\",\"dateModified\":\"2024-04-15T14:14:55+00:00\",\"description\":\"Le Dr Florence Kling propose des coaching ophtalmo et conf\u00e9rences pour vous aider \u00e0 prendre soin de vos yeux.\",\"breadcrumb\":{\"@id\":\"https:\/\/mesyeuxmavue.fr\/index.php\/coaching-ophtalmo-et-conferences\/#breadcrumb\"},\"inLanguage\":\"en-US\",\"potentialAction\":[{\"@type\":\"ReadAction\",\"target\":[\"https:\/\/mesyeuxmavue.fr\/index.php\/coaching-ophtalmo-et-conferences\/\"]}]},{\"@type\":\"BreadcrumbList\",\"@id\":\"https:\/\/mesyeuxmavue.fr\/index.php\/coaching-ophtalmo-et-conferences\/#breadcrumb\",\"itemListElement\":[{\"@type\":\"ListItem\",\"position\":1,\"name\":\"Accueil\",\"item\":\"https:\/\/mesyeuxmavue.fr\/\"},{\"@type\":\"ListItem\",\"position\":2,\"name\":\"CONTACT\"}]},{\"@type\":\"WebSite\",\"@id\":\"https:\/\/mesyeuxmavue.fr\/#website\",\"url\":\"https:\/\/mesyeuxmavue.fr\/\",\"name\":\"MES YEUX MA VUE\",\"description\":\"\",\"potentialAction\":[{\"@type\":\"SearchAction\",\"target\":{\"@type\":\"EntryPoint\",\"urlTemplate\":\"https:\/\/mesyeuxmavue.fr\/?s={search_term_string}\"},\"query-input\":\"required name=search_term_string\"}],\"inLanguage\":\"en-US\"}]}<\/script>\n<!-- \/ Yoast SEO plugin. -->","yoast_head_json":{"title":"CONTACT - COACHING OPHTALMO ET CONF\u00c9RENCES","description":"Le Dr Florence Kling propose des coaching ophtalmo et conf\u00e9rences pour vous aider \u00e0 prendre soin de vos yeux.","robots":{"index":"index","follow":"follow","max-snippet":"max-snippet:-1","max-image-preview":"max-image-preview:large","max-video-preview":"max-video-preview:-1"},"canonical":"https:\/\/mesyeuxmavue.fr\/index.php\/coaching-ophtalmo-et-conferences\/","og_locale":"en_US","og_type":"article","og_title":"CONTACT - COACHING OPHTALMO ET CONF\u00c9RENCES","og_description":"Le Dr Florence Kling propose des coaching ophtalmo et conf\u00e9rences pour vous aider \u00e0 prendre soin de vos yeux.","og_url":"https:\/\/mesyeuxmavue.fr\/index.php\/coaching-ophtalmo-et-conferences\/","og_site_name":"MES YEUX MA VUE","article_modified_time":"2024-04-15T14:14:55+00:00","twitter_card":"summary_large_image","twitter_misc":{"Est. reading time":"1 minute"},"schema":{"@context":"https:\/\/schema.org","@graph":[{"@type":"WebPage","@id":"https:\/\/mesyeuxmavue.fr\/index.php\/coaching-ophtalmo-et-conferences\/","url":"https:\/\/mesyeuxmavue.fr\/index.php\/coaching-ophtalmo-et-conferences\/","name":"CONTACT - COACHING OPHTALMO ET CONF\u00c9RENCES","isPartOf":{"@id":"https:\/\/mesyeuxmavue.fr\/#website"},"datePublished":"2024-02-22T21:41:07+00:00","dateModified":"2024-04-15T14:14:55+00:00","description":"Le Dr Florence Kling propose des coaching ophtalmo et conf\u00e9rences pour vous aider \u00e0 prendre soin de vos yeux.","breadcrumb":{"@id":"https:\/\/mesyeuxmavue.fr\/index.php\/coaching-ophtalmo-et-conferences\/#breadcrumb"},"inLanguage":"en-US","potentialAction":[{"@type":"ReadAction","target":["https:\/\/mesyeuxmavue.fr\/index.php\/coaching-ophtalmo-et-conferences\/"]}]},{"@type":"BreadcrumbList","@id":"https:\/\/mesyeuxmavue.fr\/index.php\/coaching-ophtalmo-et-conferences\/#breadcrumb","itemListElement":[{"@type":"ListItem","position":1,"name":"Accueil","item":"https:\/\/mesyeuxmavue.fr\/"},{"@type":"ListItem","position":2,"name":"CONTACT"}]},{"@type":"WebSite","@id":"https:\/\/mesyeuxmavue.fr\/#website","url":"https:\/\/mesyeuxmavue.fr\/","name":"MES YEUX MA VUE","description":"","potentialAction":[{"@type":"SearchAction","target":{"@type":"EntryPoint","urlTemplate":"https:\/\/mesyeuxmavue.fr\/?s={search_term_string}"},"query-input":"required name=search_term_string"}],"inLanguage":"en-US"}]}},"_links":{"self":[{"href":"https:\/\/mesyeuxmavue.fr\/index.php\/wp-json\/wp\/v2\/pages\/114"}],"collection":[{"href":"https:\/\/mesyeuxmavue.fr\/index.php\/wp-json\/wp\/v2\/pages"}],"about":[{"href":"https:\/\/mesyeuxmavue.fr\/index.php\/wp-json\/wp\/v2\/types\/page"}],"author":[{"embeddable":true,"href":"https:\/\/mesyeuxmavue.fr\/index.php\/wp-json\/wp\/v2\/users\/1"}],"replies":[{"embeddable":true,"href":"https:\/\/mesyeuxmavue.fr\/index.php\/wp-json\/wp\/v2\/comments?post=114"}],"version-history":[{"count":7,"href":"https:\/\/mesyeuxmavue.fr\/index.php\/wp-json\/wp\/v2\/pages\/114\/revisions"}],"predecessor-version":[{"id":647,"href":"https:\/\/mesyeuxmavue.fr\/index.php\/wp-json\/wp\/v2\/pages\/114\/revisions\/647"}],"wp:attachment":[{"href":"https:\/\/mesyeuxmavue.fr\/index.php\/wp-json\/wp\/v2\/media?parent=114"}],"curies":[{"name":"wp","href":"https:\/\/api.w.org\/{rel}","templated":true}]}}