{"id":80,"date":"2024-02-22T22:15:20","date_gmt":"2024-02-22T21:15:20","guid":{"rendered":"https:\/\/mesyeuxmavue.fr\/?page_id=80"},"modified":"2024-04-05T12:00:59","modified_gmt":"2024-04-05T10:00:59","slug":"blog-questions-ophtalmologie-vision-de-lenfant-temps-decran","status":"publish","type":"page","link":"https:\/\/mesyeuxmavue.fr\/index.php\/blog-questions-ophtalmologie-vision-de-lenfant-temps-decran\/","title":{"rendered":"BLOG"},"content":{"rendered":"\n[et_pb_section fb_built=&#8221;1&#8243; fullwidth=&#8221;on&#8221; admin_label=&#8221;Hero&#8221; _builder_version=&#8221;4.16&#8243; background_color=&#8221;#eee6db&#8221; parallax=&#8221;on&#8221; custom_padding=&#8221;0px|0px|0px|0px&#8221; global_colors_info=&#8221;{%22gcid-e0102597-b58e-4f41-913c-7f77e09f7bd8%22:%91%22background_color%22%93}&#8221;][et_pb_fullwidth_header title=&#8221;BLOG&#8221; background_overlay_color=&#8221;rgba(238,230,217,0.54)&#8221; content_max_width=&#8221;700px&#8221; admin_label=&#8221;Hero Section&#8221; _builder_version=&#8221;4.24.2&#8243; title_font=&#8221;|700||on|||||&#8221; title_text_color=&#8221;#4C908C&#8221; title_font_size=&#8221;80px&#8221; title_line_height=&#8221;1.3em&#8221; content_font=&#8221;||||||||&#8221; content_text_color=&#8221;#D39074&#8243; content_font_size=&#8221;20px&#8221; background_color=&#8221;rgba(255, 255, 255, 0)&#8221; background_image=&#8221;https:\/\/mesyeuxmavue.fr\/wp-content\/uploads\/2024\/02\/pexels-picjumbocom-210660-scaled-1.jpg&#8221; custom_button_one=&#8221;on&#8221; button_one_text_color=&#8221;#4C908C&#8221; button_one_border_radius=&#8221;0px&#8221; button_one_letter_spacing=&#8221;4px&#8221; button_one_font=&#8221;Oswald|on||on|&#8221; button_one_icon=&#8221;&#x24;||divi||400&#8243; button_one_icon_color=&#8221;#ffffff&#8221; custom_margin=&#8221;|||&#8221; custom_padding=&#8221;150px||150px|&#8221; custom_padding_tablet=&#8221;60px||60px|&#8221; custom_padding_phone=&#8221;&#8221; custom_padding_last_edited=&#8221;on|tablet&#8221; animation_style=&#8221;zoom&#8221; animation_direction=&#8221;bottom&#8221; animation_intensity_zoom=&#8221;4%&#8221; hover_enabled=&#8221;0&#8243; content_text_shadow_style=&#8221;preset5&#8243; button_one_text_color_hover=&#8221;#ffffff&#8221; button_one_border_color_hover=&#8221;#ffffff&#8221; button_one_border_radius_hover=&#8221;0px&#8221; button_one_letter_spacing_hover=&#8221;4px&#8221; button_one_bg_color_hover=&#8221;rgba(0,0,0,0)&#8221; global_colors_info=&#8221;{}&#8221; button_one_text_size__hover_enabled=&#8221;off&#8221; button_two_text_size__hover_enabled=&#8221;off&#8221; button_one_text_color__hover_enabled=&#8221;on|desktop&#8221; button_one_text_color__hover=&#8221;#4C908C&#8221; button_two_text_color__hover_enabled=&#8221;off&#8221; button_one_border_width__hover_enabled=&#8221;off&#8221; button_two_border_width__hover_enabled=&#8221;off&#8221; button_one_border_color__hover_enabled=&#8221;on&#8221; button_one_border_color__hover=&#8221;#ffffff&#8221; button_two_border_color__hover_enabled=&#8221;off&#8221; button_one_border_radius__hover_enabled=&#8221;on&#8221; button_one_border_radius__hover=&#8221;0px&#8221; button_two_border_radius__hover_enabled=&#8221;off&#8221; button_one_letter_spacing__hover_enabled=&#8221;on&#8221; button_one_letter_spacing__hover=&#8221;4px&#8221; button_two_letter_spacing__hover_enabled=&#8221;off&#8221; button_one_bg_color__hover_enabled=&#8221;on&#8221; button_one_bg_color__hover=&#8221;rgba(0,0,0,0)&#8221; button_two_bg_color__hover_enabled=&#8221;off&#8221; title_font_size_last_edited=&#8221;on|phone&#8221; sticky_enabled=&#8221;0&#8243; title_font_size_tablet=&#8221;70px&#8221; title_font_size_phone=&#8221;60px&#8221;]<h2>RETROUVEZ ICI MES DERNIERS ARTICLES ET PUBLICATIONS<\/h2>[\/et_pb_fullwidth_header][\/et_pb_section][et_pb_section fb_built=&#8221;1&#8243; _builder_version=&#8221;4.16&#8243; _module_preset=&#8221;default&#8221; custom_padding=&#8221;125px|||||&#8221; global_colors_info=&#8221;{}&#8221;][et_pb_row column_structure=&#8221;2_3,1_3&#8243; make_equal=&#8221;on&#8221; _builder_version=&#8221;4.24.0&#8243; _module_preset=&#8221;default&#8221; global_colors_info=&#8221;{}&#8221;][et_pb_column type=&#8221;2_3&#8243; _builder_version=&#8221;4.16&#8243; _module_preset=&#8221;default&#8221; global_colors_info=&#8221;{}&#8221;][et_pb_blog fullwidth=&#8221;off&#8221; posts_number=&#8221;6&#8243; include_categories=&#8221;all&#8221; show_author=&#8221;off&#8221; _builder_version=&#8221;4.24.0&#8243; _module_preset=&#8221;default&#8221; global_colors_info=&#8221;{}&#8221;][\/et_pb_blog][\/et_pb_column][et_pb_column type=&#8221;1_3&#8243; _builder_version=&#8221;4.16&#8243; _module_preset=&#8221;default&#8221; global_colors_info=&#8221;{}&#8221;][et_pb_sidebar orientation=&#8221;right&#8221; _builder_version=&#8221;4.24.0&#8243; _module_preset=&#8221;default&#8221; global_colors_info=&#8221;{}&#8221;][\/et_pb_sidebar][\/et_pb_column][\/et_pb_row][\/et_pb_section]\n","protected":false},"excerpt":{"rendered":"<p>RETROUVEZ ICI MES DERNIERS ARTICLES ET PUBLICATIONS<\/p>\n","protected":false},"author":1,"featured_media":0,"parent":0,"menu_order":0,"comment_status":"closed","ping_status":"closed","template":"","meta":{"_et_pb_use_builder":"on","_et_pb_old_content":"","_et_gb_content_width":"","footnotes":""},"yoast_head":"<!-- This site is optimized with the Yoast SEO plugin v22.4 - https:\/\/yoast.com\/wordpress\/plugins\/seo\/ -->\n<title>BLOG - MES YEUX MA VUE<\/title>\n<meta name=\"description\" content=\"Blog du Dr Kling m\u00e9decin ophtalmologiste - Conseils, vision de l&#039;enfant, temps d&#039;\u00e9cran ... des articles r\u00e9pondant \u00e0 vos interrogations du quotidien\" \/>\n<meta name=\"robots\" content=\"index, follow, max-snippet:-1, max-image-preview:large, max-video-preview:-1\" \/>\n<link rel=\"canonical\" href=\"https:\/\/mesyeuxmavue.fr\/index.php\/blog-questions-ophtalmologie-vision-de-lenfant-temps-decran\/\" \/>\n<meta property=\"og:locale\" content=\"en_US\" \/>\n<meta property=\"og:type\" content=\"article\" \/>\n<meta property=\"og:title\" content=\"BLOG - MES YEUX MA VUE\" \/>\n<meta property=\"og:description\" content=\"Blog du Dr Kling m\u00e9decin ophtalmologiste - Conseils, vision de l&#039;enfant, temps d&#039;\u00e9cran ... des articles r\u00e9pondant \u00e0 vos interrogations du quotidien\" \/>\n<meta property=\"og:url\" content=\"https:\/\/mesyeuxmavue.fr\/index.php\/blog-questions-ophtalmologie-vision-de-lenfant-temps-decran\/\" \/>\n<meta property=\"og:site_name\" content=\"MES YEUX MA VUE\" \/>\n<meta property=\"article:modified_time\" content=\"2024-04-05T10:00:59+00:00\" \/>\n<meta name=\"twitter:card\" content=\"summary_large_image\" \/>\n<meta name=\"twitter:label1\" content=\"Est. reading time\" \/>\n\t<meta name=\"twitter:data1\" content=\"4 minutes\" \/>\n<script type=\"application\/ld+json\" class=\"yoast-schema-graph\">{\"@context\":\"https:\/\/schema.org\",\"@graph\":[{\"@type\":\"WebPage\",\"@id\":\"https:\/\/mesyeuxmavue.fr\/index.php\/blog-questions-ophtalmologie-vision-de-lenfant-temps-decran\/\",\"url\":\"https:\/\/mesyeuxmavue.fr\/index.php\/blog-questions-ophtalmologie-vision-de-lenfant-temps-decran\/\",\"name\":\"BLOG - MES YEUX MA VUE\",\"isPartOf\":{\"@id\":\"https:\/\/mesyeuxmavue.fr\/#website\"},\"datePublished\":\"2024-02-22T21:15:20+00:00\",\"dateModified\":\"2024-04-05T10:00:59+00:00\",\"description\":\"Blog du Dr Kling m\u00e9decin ophtalmologiste - Conseils, vision de l'enfant, temps d'\u00e9cran ... des articles r\u00e9pondant \u00e0 vos interrogations du quotidien\",\"breadcrumb\":{\"@id\":\"https:\/\/mesyeuxmavue.fr\/index.php\/blog-questions-ophtalmologie-vision-de-lenfant-temps-decran\/#breadcrumb\"},\"inLanguage\":\"en-US\",\"potentialAction\":[{\"@type\":\"ReadAction\",\"target\":[\"https:\/\/mesyeuxmavue.fr\/index.php\/blog-questions-ophtalmologie-vision-de-lenfant-temps-decran\/\"]}]},{\"@type\":\"BreadcrumbList\",\"@id\":\"https:\/\/mesyeuxmavue.fr\/index.php\/blog-questions-ophtalmologie-vision-de-lenfant-temps-decran\/#breadcrumb\",\"itemListElement\":[{\"@type\":\"ListItem\",\"position\":1,\"name\":\"Accueil\",\"item\":\"https:\/\/mesyeuxmavue.fr\/\"},{\"@type\":\"ListItem\",\"position\":2,\"name\":\"BLOG\"}]},{\"@type\":\"WebSite\",\"@id\":\"https:\/\/mesyeuxmavue.fr\/#website\",\"url\":\"https:\/\/mesyeuxmavue.fr\/\",\"name\":\"MES YEUX MA VUE\",\"description\":\"\",\"potentialAction\":[{\"@type\":\"SearchAction\",\"target\":{\"@type\":\"EntryPoint\",\"urlTemplate\":\"https:\/\/mesyeuxmavue.fr\/?s={search_term_string}\"},\"query-input\":\"required name=search_term_string\"}],\"inLanguage\":\"en-US\"}]}<\/script>\n<!-- \/ Yoast SEO plugin. -->","yoast_head_json":{"title":"BLOG - MES YEUX MA VUE","description":"Blog du Dr Kling m\u00e9decin ophtalmologiste - Conseils, vision de l'enfant, temps d'\u00e9cran ... des articles r\u00e9pondant \u00e0 vos interrogations du quotidien","robots":{"index":"index","follow":"follow","max-snippet":"max-snippet:-1","max-image-preview":"max-image-preview:large","max-video-preview":"max-video-preview:-1"},"canonical":"https:\/\/mesyeuxmavue.fr\/index.php\/blog-questions-ophtalmologie-vision-de-lenfant-temps-decran\/","og_locale":"en_US","og_type":"article","og_title":"BLOG - MES YEUX MA VUE","og_description":"Blog du Dr Kling m\u00e9decin ophtalmologiste - Conseils, vision de l'enfant, temps d'\u00e9cran ... des articles r\u00e9pondant \u00e0 vos interrogations du quotidien","og_url":"https:\/\/mesyeuxmavue.fr\/index.php\/blog-questions-ophtalmologie-vision-de-lenfant-temps-decran\/","og_site_name":"MES YEUX MA VUE","article_modified_time":"2024-04-05T10:00:59+00:00","twitter_card":"summary_large_image","twitter_misc":{"Est. reading time":"4 minutes"},"schema":{"@context":"https:\/\/schema.org","@graph":[{"@type":"WebPage","@id":"https:\/\/mesyeuxmavue.fr\/index.php\/blog-questions-ophtalmologie-vision-de-lenfant-temps-decran\/","url":"https:\/\/mesyeuxmavue.fr\/index.php\/blog-questions-ophtalmologie-vision-de-lenfant-temps-decran\/","name":"BLOG - MES YEUX MA VUE","isPartOf":{"@id":"https:\/\/mesyeuxmavue.fr\/#website"},"datePublished":"2024-02-22T21:15:20+00:00","dateModified":"2024-04-05T10:00:59+00:00","description":"Blog du Dr Kling m\u00e9decin ophtalmologiste - Conseils, vision de l'enfant, temps d'\u00e9cran ... des articles r\u00e9pondant \u00e0 vos interrogations du quotidien","breadcrumb":{"@id":"https:\/\/mesyeuxmavue.fr\/index.php\/blog-questions-ophtalmologie-vision-de-lenfant-temps-decran\/#breadcrumb"},"inLanguage":"en-US","potentialAction":[{"@type":"ReadAction","target":["https:\/\/mesyeuxmavue.fr\/index.php\/blog-questions-ophtalmologie-vision-de-lenfant-temps-decran\/"]}]},{"@type":"BreadcrumbList","@id":"https:\/\/mesyeuxmavue.fr\/index.php\/blog-questions-ophtalmologie-vision-de-lenfant-temps-decran\/#breadcrumb","itemListElement":[{"@type":"ListItem","position":1,"name":"Accueil","item":"https:\/\/mesyeuxmavue.fr\/"},{"@type":"ListItem","position":2,"name":"BLOG"}]},{"@type":"WebSite","@id":"https:\/\/mesyeuxmavue.fr\/#website","url":"https:\/\/mesyeuxmavue.fr\/","name":"MES YEUX MA VUE","description":"","potentialAction":[{"@type":"SearchAction","target":{"@type":"EntryPoint","urlTemplate":"https:\/\/mesyeuxmavue.fr\/?s={search_term_string}"},"query-input":"required name=search_term_string"}],"inLanguage":"en-US"}]}},"_links":{"self":[{"href":"https:\/\/mesyeuxmavue.fr\/index.php\/wp-json\/wp\/v2\/pages\/80"}],"collection":[{"href":"https:\/\/mesyeuxmavue.fr\/index.php\/wp-json\/wp\/v2\/pages"}],"about":[{"href":"https:\/\/mesyeuxmavue.fr\/index.php\/wp-json\/wp\/v2\/types\/page"}],"author":[{"embeddable":true,"href":"https:\/\/mesyeuxmavue.fr\/index.php\/wp-json\/wp\/v2\/users\/1"}],"replies":[{"embeddable":true,"href":"https:\/\/mesyeuxmavue.fr\/index.php\/wp-json\/wp\/v2\/comments?post=80"}],"version-history":[{"count":6,"href":"https:\/\/mesyeuxmavue.fr\/index.php\/wp-json\/wp\/v2\/pages\/80\/revisions"}],"predecessor-version":[{"id":567,"href":"https:\/\/mesyeuxmavue.fr\/index.php\/wp-json\/wp\/v2\/pages\/80\/revisions\/567"}],"wp:attachment":[{"href":"https:\/\/mesyeuxmavue.fr\/index.php\/wp-json\/wp\/v2\/media?parent=80"}],"curies":[{"name":"wp","href":"https:\/\/api.w.org\/{rel}","templated":true}]}}